{"id":3879,"date":"2021-09-26T12:25:53","date_gmt":"2021-09-26T10:25:53","guid":{"rendered":"http:\/\/tyveaya.cluster030.hosting.ovh.net\/?page_id=3879"},"modified":"2021-09-30T19:45:48","modified_gmt":"2021-09-30T17:45:48","slug":"livraison-gratuite","status":"publish","type":"page","link":"https:\/\/www.hapygood.com\/index.php\/livraison-gratuite\/","title":{"rendered":"Livraison gratuite"},"content":{"rendered":"<p>[vc_row][vc_column][vc_column_text]<\/p>\n<div class=\"I_52qC D_FY W_6D6F\" data-test-id=\"message-view-body\">\n<div class=\"msg-body P_wpofO mq_AS\" data-test-id=\"message-view-body-content\">\n<div class=\"jb_0 X_6MGW N_6Fd5\">\n<div>\n<div id=\"yiv4932550528\">\n<div dir=\"ltr\">\n<div><\/div>\n<div>\n<h3 class=\"yiv4932550528MsoNormal\"><b><span style=\"color: #ff0000;\">Livraison Gratuite<\/span> \u2018<\/b><strong>\u2019\u00a0<i>Partout en France M\u00e9tropolitaine<\/i>\u00a0\u2018\u2019 \u00a0<\/strong><\/h3>\n<h4 class=\"yiv4932550528MsoNormal\">Sans minimum d\u2019achats.<\/h4>\n<h4 class=\"yiv4932550528MsoNormal\">Pour toute commande sup\u00e9rieure \u00e0 10 \u20ac \u00a0<b>En Stock<\/b>\u00a0\u2013 Livr\u00e9 Rapidement pr\u00e8s de chez vous !<\/h4>\n<h4 class=\"yiv4932550528MsoNormal\">Avec les transporteurs suivants\u00a0:<\/h4>\n<p>&nbsp;<\/p>\n<p><b><br class=\"yiv4932550528Apple-interchange-newline\" \/>\u00a0<\/b><\/p>\n<\/div>\n<\/div>\n<\/div>\n<\/div>\n<\/div>\n<\/div>\n<div class=\"jb_0 X_6MGW N_6Fd5\"><\/div>\n<\/div>\n<div class=\"H_7jIs D_F ab_C Q_69H5 E_36RhU\" data-test-id=\"toolbar-hover-area\">\n<div class=\"D_F W_6D6F r_BN gl_C\" data-test-id=\"card-toolbar\"><\/div>\n<\/div>\n<p>[\/vc_column_text][vc_row_inner][vc_column_inner width=\u00a0\u00bb1\/5&Prime;][vc_single_image image=\u00a0\u00bb3880&Prime; img_size=\u00a0\u00bbmedium\u00a0\u00bb][\/vc_column_inner][vc_column_inner width=\u00a0\u00bb1\/5&Prime;][vc_single_image image=\u00a0\u00bb3881&Prime; img_size=\u00a0\u00bbmedium\u00a0\u00bb][\/vc_column_inner][vc_column_inner width=\u00a0\u00bb1\/5&Prime;][vc_single_image image=\u00a0\u00bb3882&Prime; img_size=\u00a0\u00bbmedium\u00a0\u00bb][\/vc_column_inner][vc_column_inner width=\u00a0\u00bb1\/5&Prime;][vc_single_image image=\u00a0\u00bb3883&Prime; img_size=\u00a0\u00bbmedium\u00a0\u00bb][\/vc_column_inner][vc_column_inner width=\u00a0\u00bb1\/5&Prime;][vc_single_image image=\u00a0\u00bb3884&Prime; img_size=\u00a0\u00bbmedium\u00a0\u00bb][\/vc_column_inner][\/vc_row_inner][vc_row_inner][vc_column_inner width=\u00a0\u00bb1\/5&Prime;][vc_single_image image=\u00a0\u00bb3885&Prime; img_size=\u00a0\u00bbmedium\u00a0\u00bb][\/vc_column_inner][vc_column_inner width=\u00a0\u00bb1\/5&Prime;][\/vc_column_inner][vc_column_inner width=\u00a0\u00bb1\/5&Prime;][\/vc_column_inner][vc_column_inner width=\u00a0\u00bb1\/5&Prime;][\/vc_column_inner][vc_column_inner width=\u00a0\u00bb1\/5&Prime;][\/vc_column_inner][\/vc_row_inner][\/vc_column][\/vc_row][vc_row][vc_column][vc_column_text]<\/p>\n<h4 class=\"yiv4932550528MsoNormal\">Avec les transporteurs suivants : (Offre valable m\u00eame en Corse et dans les \u00eeles m\u00e9tropolitaine pour les produits non encombrants, de dimensions, de tailles, inf\u00e9rieures \u00e0 1,20 m et de poids inf\u00e9rieur \u00e0 30 kg.)<\/h4>\n<h3 class=\"yiv4932550528MsoNormal\" align=\"center\"><\/h3>\n<p>[\/vc_column_text][\/vc_column][\/vc_row]<\/p>\n","protected":false},"excerpt":{"rendered":"<p>[vc_row][vc_column][vc_column_text] Livraison Gratuite \u2018\u2019\u00a0Partout en France M\u00e9tropolitaine\u00a0\u2018\u2019 \u00a0 Sans minimum d\u2019achats. Pour toute commande sup\u00e9rieure \u00e0 10 \u20ac \u00a0En Stock\u00a0\u2013 Livr\u00e9 Rapidement pr\u00e8s de chez vous ! Avec les transporteurs suivants\u00a0: &nbsp; \u00a0 [\/vc_column_text][vc_row_inner][vc_column_inner width=\u00a0\u00bb1\/5&Prime;][vc_single_image image=\u00a0\u00bb3880&Prime; img_size=\u00a0\u00bbmedium\u00a0\u00bb][\/vc_column_inner][vc_column_inner width=\u00a0\u00bb1\/5&Prime;][vc_single_image image=\u00a0\u00bb3881&Prime; img_size=\u00a0\u00bbmedium\u00a0\u00bb][\/vc_column_inner][vc_column_inner width=\u00a0\u00bb1\/5&Prime;][vc_single_image image=\u00a0\u00bb3882&Prime; img_size=\u00a0\u00bbmedium\u00a0\u00bb][\/vc_column_inner][vc_column_inner width=\u00a0\u00bb1\/5&Prime;][vc_single_image image=\u00a0\u00bb3883&Prime; img_size=\u00a0\u00bbmedium\u00a0\u00bb][\/vc_column_inner][vc_column_inner width=\u00a0\u00bb1\/5&Prime;][vc_single_image image=\u00a0\u00bb3884&Prime; img_size=\u00a0\u00bbmedium\u00a0\u00bb][\/vc_column_inner][\/vc_row_inner][vc_row_inner][vc_column_inner width=\u00a0\u00bb1\/5&Prime;][vc_single_image image=\u00a0\u00bb3885&Prime; img_size=\u00a0\u00bbmedium\u00a0\u00bb][\/vc_column_inner][vc_column_inner width=\u00a0\u00bb1\/5&Prime;][\/vc_column_inner][vc_column_inner width=\u00a0\u00bb1\/5&Prime;][\/vc_column_inner][vc_column_inner width=\u00a0\u00bb1\/5&Prime;][\/vc_column_inner][vc_column_inner&hellip;<\/p>\n","protected":false},"author":2,"featured_media":0,"parent":0,"menu_order":0,"comment_status":"closed","ping_status":"closed","template":"","meta":{"footnotes":""},"class_list":["post-3879","page","type-page","status-publish","hentry"],"_links":{"self":[{"href":"https:\/\/www.hapygood.com\/index.php\/wp-json\/wp\/v2\/pages\/3879","targetHints":{"allow":["GET"]}}],"collection":[{"href":"https:\/\/www.hapygood.com\/index.php\/wp-json\/wp\/v2\/pages"}],"about":[{"href":"https:\/\/www.hapygood.com\/index.php\/wp-json\/wp\/v2\/types\/page"}],"author":[{"embeddable":true,"href":"https:\/\/www.hapygood.com\/index.php\/wp-json\/wp\/v2\/users\/2"}],"replies":[{"embeddable":true,"href":"https:\/\/www.hapygood.com\/index.php\/wp-json\/wp\/v2\/comments?post=3879"}],"version-history":[{"count":5,"href":"https:\/\/www.hapygood.com\/index.php\/wp-json\/wp\/v2\/pages\/3879\/revisions"}],"predecessor-version":[{"id":3934,"href":"https:\/\/www.hapygood.com\/index.php\/wp-json\/wp\/v2\/pages\/3879\/revisions\/3934"}],"wp:attachment":[{"href":"https:\/\/www.hapygood.com\/index.php\/wp-json\/wp\/v2\/media?parent=3879"}],"curies":[{"name":"wp","href":"https:\/\/api.w.org\/{rel}","templated":true}]}}