{"id":3827,"date":"2021-09-24T17:06:53","date_gmt":"2021-09-24T15:06:53","guid":{"rendered":"http:\/\/tyveaya.cluster030.hosting.ovh.net\/?page_id=3827"},"modified":"2021-09-28T21:04:17","modified_gmt":"2021-09-28T19:04:17","slug":"assistance-24h-24-et-7j-7","status":"publish","type":"page","link":"https:\/\/www.hapygood.com\/index.php\/assistance-24h-24-et-7j-7\/","title":{"rendered":"Assistance 7j\/7"},"content":{"rendered":"<p>&#8211; La possibilit\u00e9 de commander sans contrainte 7j sur 7- 24 H sur 24 sur notre site s\u00e9curis\u00e9<\/p>\n<p>&#8211; Prise de commande par t\u00e9l\u00e9phone du lundi au vendredi de 9h30 \u00e0 18 heures.<\/p>\n<p>&#8211; Suivi commande en ligne sur le site \u00e0 tout moment, vous pouvez voir votre commande, suivre son acheminement et toutes les informations relatives \u00e0 votre commande par mail.<\/p>\n<p>&#8211; Commande ou renseignement par t\u00e9l\u00e9phone tous les jours au T\u00e9l : 09\u00a053 24 70 84 m\u00eame le dimanche et jours f\u00e9ri\u00e9s<\/p>\n<p>&#8211; Contact par mail :\u00a0<a href=\"mailto:relationclients@hapygood.fr\">relationclients@hapygood.fr<\/a><\/p>\n<h3 style=\"text-align: center;\">NOS ENGAGEMENTS<\/h3>\n<p>&#8211; Site s\u00e9curis\u00e9<\/p>\n<p>&#8211; Prise de commande par t\u00e9l\u00e9phone du lundi au vendredi de 9h30 \u00e0 18 heures.<\/p>\n<p>&#8211;\u00a0Satisfait \u00a0ou rembours\u00e9 (30 jours)<\/p>\n<p>&#8211; Votre paiement en ligne ou par t\u00e9l\u00e9phone 100% s\u00e9curis\u00e9.<\/p>\n<p>&#8211; Suivi commande en ligne sur le site \u00e0 tout moment, vous pouvez voir votre commande, suivre son acheminement et toutes les informations relatives \u00e0 votre commande par mail.<\/p>\n<p>&#8211; Pour les professionnels\u00a0:<strong>\u00a0Demande de devis, traitement en 3 jours maximum !<\/strong><\/p>\n<p>&#8211; Commande par t\u00e9l\u00e9phone tous les jours au T\u00e9l :\u00a0<b>09<strong>\u00a053 24 70 84<\/strong>\u00a0\u00a0<\/b><\/p>\n<p>&#8211; La possibilit\u00e9 de commander sans contrainte 7j sur 7- 24 H sur 24 sur notre<\/p>\n<p>&#8211; Contact par mail :<\/p>\n<p><strong>relations-clients@tyveaya.cluster030.hosting.ovh.net<\/strong><\/p>\n","protected":false},"excerpt":{"rendered":"<p>&#8211; La possibilit\u00e9 de commander sans contrainte 7j sur 7- 24 H sur 24 sur notre site s\u00e9curis\u00e9 &#8211; Prise de commande par t\u00e9l\u00e9phone du lundi au vendredi de 9h30 \u00e0 18 heures. &#8211; Suivi commande en ligne sur le site \u00e0 tout moment, vous pouvez voir votre commande, suivre son acheminement et toutes les&hellip;<\/p>\n","protected":false},"author":2,"featured_media":0,"parent":0,"menu_order":0,"comment_status":"closed","ping_status":"closed","template":"","meta":{"footnotes":""},"class_list":["post-3827","page","type-page","status-publish","hentry"],"_links":{"self":[{"href":"https:\/\/www.hapygood.com\/index.php\/wp-json\/wp\/v2\/pages\/3827","targetHints":{"allow":["GET"]}}],"collection":[{"href":"https:\/\/www.hapygood.com\/index.php\/wp-json\/wp\/v2\/pages"}],"about":[{"href":"https:\/\/www.hapygood.com\/index.php\/wp-json\/wp\/v2\/types\/page"}],"author":[{"embeddable":true,"href":"https:\/\/www.hapygood.com\/index.php\/wp-json\/wp\/v2\/users\/2"}],"replies":[{"embeddable":true,"href":"https:\/\/www.hapygood.com\/index.php\/wp-json\/wp\/v2\/comments?post=3827"}],"version-history":[{"count":5,"href":"https:\/\/www.hapygood.com\/index.php\/wp-json\/wp\/v2\/pages\/3827\/revisions"}],"predecessor-version":[{"id":3915,"href":"https:\/\/www.hapygood.com\/index.php\/wp-json\/wp\/v2\/pages\/3827\/revisions\/3915"}],"wp:attachment":[{"href":"https:\/\/www.hapygood.com\/index.php\/wp-json\/wp\/v2\/media?parent=3827"}],"curies":[{"name":"wp","href":"https:\/\/api.w.org\/{rel}","templated":true}]}}