{"id":2886,"date":"2020-11-19T15:43:45","date_gmt":"2020-11-19T14:43:45","guid":{"rendered":"http:\/\/tyveaya.cluster030.hosting.ovh.net\/?page_id=2886"},"modified":"2021-03-09T05:12:03","modified_gmt":"2021-03-09T04:12:03","slug":"paiements-securises","status":"publish","type":"page","link":"https:\/\/www.hapygood.com\/index.php\/paiements-securises\/","title":{"rendered":"Paiements s\u00e9curis\u00e9s"},"content":{"rendered":"<p>Achats S\u00e9curis\u00e9s HAPYGOOD<\/p>\n<p><strong>Plusieurs\u00a0moyens de paiement\u00a0100% s\u00e9curis\u00e9s sont \u00e0 votre disposition !<\/strong><\/p>\n<p>&nbsp;<\/p>\n<p><strong>\u00a0<\/strong><strong>L<\/strong><strong>e paiement par carte bancaire\u00a0<\/strong><\/p>\n<p><strong>Paiement s\u00e9curis\u00e9 par carte bancaire<\/strong><\/p>\n<p>Pour toutes les commandes r\u00e9gl\u00e9es par CB, \u00e0\u00a0 HAPYGOOD \/<strong>GOODCO<\/strong>\u00a0<em>IMPORT &amp; DISTRBUTION<\/em> a adopt\u00e9 la solution de paiement s\u00e9curis\u00e9\u00a0 de STRIPE et PAYPAL.<\/p>\n<p><img loading=\"lazy\" decoding=\"async\" class=\"alignnone size-full wp-image-3010\" src=\"http:\/\/tyveaya.cluster030.hosting.ovh.net\/wp-content\/uploads\/2020\/12\/paiement-stripe-1.png\" alt=\"\" width=\"261\" height=\"108\" srcset=\"https:\/\/www.hapygood.com\/wp-content\/uploads\/2020\/12\/paiement-stripe-1.png 261w, https:\/\/www.hapygood.com\/wp-content\/uploads\/2020\/12\/paiement-stripe-1-16x7.png 16w\" sizes=\"auto, (max-width: 261px) 100vw, 261px\" \/><img loading=\"lazy\" decoding=\"async\" class=\"alignnone size-medium wp-image-3009\" src=\"http:\/\/tyveaya.cluster030.hosting.ovh.net\/wp-content\/uploads\/2020\/12\/paiement-paypal-1-300x116.png\" alt=\"\" width=\"300\" height=\"116\" srcset=\"https:\/\/www.hapygood.com\/wp-content\/uploads\/2020\/12\/paiement-paypal-1-300x116.png 300w, https:\/\/www.hapygood.com\/wp-content\/uploads\/2020\/12\/paiement-paypal-1-16x6.png 16w, https:\/\/www.hapygood.com\/wp-content\/uploads\/2020\/12\/paiement-paypal-1.png 318w\" sizes=\"auto, (max-width: 300px) 100vw, 300px\" \/><\/p>\n<ul>\n<li>STRIPE, qui nous permet de crypter toutes les informations que vous nous communiquez et vous garantit la confidentialit\u00e9 et\u00a0une tr\u00e8s grande\u00a0s\u00e9curit\u00e9 de chaque transaction.<\/li>\n<\/ul>\n<p>Avec STRIPE nous acceptons les cartes bancaires suivantes : Visa, Mastercard, American Express, ou encore Discover. Certaines cartes comme le JCB, l\u2019Union Pay ou le Diners Club sont \u00e9galement accept\u00e9es.<\/p>\n<p>Pour garantir la s\u00e9curit\u00e9 et la confidentialit\u00e9 de vos transactions nous avons choisi la solution de paiement en ligne, \u00e9labor\u00e9e par STRIPE.<br \/>\nLorsque vous r\u00e9glez votre commande en ligne, vous \u00eates automatiquement redirig\u00e9 vers les serveurs hautement s\u00e9curis\u00e9s de STRIPE\u00a0qui se charge d&rsquo;effectuer la transaction. Toutes les donn\u00e9es bancaires saisies (num\u00e9ro de carte, cryptogramme et date d&rsquo;expiration de votre carte) lors de votre paiement par carte b\u00e9n\u00e9ficient d&rsquo;une confidentialit\u00e9 et d&rsquo;une int\u00e9grit\u00e9 renforc\u00e9es : les informations de la carte bancaire sont crypt\u00e9es entre votre ordinateur et le serveur de STRIPE. Elles ne circulent pas sur le Web et ne peuvent \u00eatre modifi\u00e9es.<br \/>\nAucun num\u00e9ro de carte de cr\u00e9dit n&rsquo;est enregistr\u00e9 lors du paiement sur notre site.<\/p>\n<p>C&rsquo;est simple, rapide et s\u00e9curis\u00e9 !<\/p>\n<p>&nbsp;<\/p>\n<p><strong>2-\u00a0<\/strong><strong>\u00a0PayPal,<\/strong>\u00a0le moyen de paiement mondial \u2026<\/p>\n<p><strong>Payez simplement et rapidement<\/strong><\/p>\n<p>En choisissant PayPal .<\/p>\n<p>C\u2019est Payez avec ou sans compte Paypal\u00a0( facultatif ) par :<\/p>\n<p><strong>&#8211; Carte bleue<\/strong><\/p>\n<p><strong>&#8211; Visa<\/strong><\/p>\n<p><strong>&#8211; Mastercard<\/strong><\/p>\n<p><strong>&#8211; American express<\/strong><\/p>\n<p><strong>&#8211; Carte Aurore<\/strong><\/p>\n<p><strong>&#8211; Cofinoga ou Privil\u00e8ge<\/strong><\/p>\n<p><strong>&#8211; 4 \u00e9toiles<\/strong><\/p>\n<p><strong>Le paiement par<\/strong>\u00a0PayPal, le moyen de paiement mondial<\/p>\n<p>Plus de 150 millions de personnes poss\u00e8dent un compte PayPal !<\/p>\n<p>Avec ou sans compte PayPal, vous pouvez r\u00e9gler le montant de votre panier d&rsquo;achat via le syst\u00e8me s\u00e9curis\u00e9 PayPal.<\/p>\n<p>Pour tout compl\u00e9ment d\u2019information vous pouvez nous contacter :<\/p>\n<p>&nbsp;<\/p>\n<ul>\n<li>Par T\u00e9l\u00e9phone au\u00a0<strong>09 53 24 70 84<\/strong><\/li>\n<li>Par Mail : relations-clients@tyveaya.cluster030.hosting.ovh.net<\/li>\n<\/ul>\n<p>&nbsp;<\/p>\n<p>L&rsquo;\u00e9quipe HAPYGOOD \u00e0 votre service !<\/p>\n<p>&nbsp;<\/p>\n","protected":false},"excerpt":{"rendered":"<p>Achats S\u00e9curis\u00e9s HAPYGOOD Plusieurs\u00a0moyens de paiement\u00a0100% s\u00e9curis\u00e9s sont \u00e0 votre disposition ! &nbsp; \u00a0Le paiement par carte bancaire\u00a0 Paiement s\u00e9curis\u00e9 par carte bancaire Pour toutes les commandes r\u00e9gl\u00e9es par CB, \u00e0\u00a0 HAPYGOOD \/GOODCO\u00a0IMPORT &amp; DISTRBUTION a adopt\u00e9 la solution de paiement s\u00e9curis\u00e9\u00a0 de STRIPE et PAYPAL. STRIPE, qui nous permet de crypter toutes les informations&hellip;<\/p>\n","protected":false},"author":1,"featured_media":0,"parent":0,"menu_order":0,"comment_status":"closed","ping_status":"closed","template":"","meta":{"footnotes":""},"class_list":["post-2886","page","type-page","status-publish","hentry"],"_links":{"self":[{"href":"https:\/\/www.hapygood.com\/index.php\/wp-json\/wp\/v2\/pages\/2886","targetHints":{"allow":["GET"]}}],"collection":[{"href":"https:\/\/www.hapygood.com\/index.php\/wp-json\/wp\/v2\/pages"}],"about":[{"href":"https:\/\/www.hapygood.com\/index.php\/wp-json\/wp\/v2\/types\/page"}],"author":[{"embeddable":true,"href":"https:\/\/www.hapygood.com\/index.php\/wp-json\/wp\/v2\/users\/1"}],"replies":[{"embeddable":true,"href":"https:\/\/www.hapygood.com\/index.php\/wp-json\/wp\/v2\/comments?post=2886"}],"version-history":[{"count":7,"href":"https:\/\/www.hapygood.com\/index.php\/wp-json\/wp\/v2\/pages\/2886\/revisions"}],"predecessor-version":[{"id":3164,"href":"https:\/\/www.hapygood.com\/index.php\/wp-json\/wp\/v2\/pages\/2886\/revisions\/3164"}],"wp:attachment":[{"href":"https:\/\/www.hapygood.com\/index.php\/wp-json\/wp\/v2\/media?parent=2886"}],"curies":[{"name":"wp","href":"https:\/\/api.w.org\/{rel}","templated":true}]}}